{"id":44,"date":"2023-12-07T07:41:28","date_gmt":"2023-12-07T07:41:28","guid":{"rendered":"https:\/\/ozmercanlar.com\/?page_id=44"},"modified":"2023-12-07T14:02:31","modified_gmt":"2023-12-07T14:02:31","slug":"urunlerimiz","status":"publish","type":"page","link":"https:\/\/ozmercanlar.com\/?page_id=44","title":{"rendered":"\u00dcr\u00fcnlerimiz"},"content":{"rendered":"\n<br><br>\n\n\n\n\n<pre class=\"wp-block-code\"><code><strong><h1 class=\"wp-block-heading\"><strong>\u00dcr\u00fcnlerimiz<\/strong><\/h1><\/strong><\/code><\/pre>\n\n\n\n<p>Tar\u0131m makimanalar\u0131 olarak bir \u00e7ok \u00fcr\u00fcn \u00fcretmekteyiz( Buray\u0131 geni\u015fletece\u011fiz yaz\u0131yla)<\/p>\n\n\n<div id=\"69e4d710a13e7\" class=\"gg_gallery_wrap gg_collection_wrap cid_8\" data-cid=\"8\">  <table class=\"gg_coll_table\">  <tr><td class=\"gg_coll_table_cell gg_coll_table_first_cell\"><div id=\"ggf_8\" class=\"gg_filter gg_btn_filters\"><a class=\"ggf ggf_all gg_cats_selected\" data-coll-filter-id=\"*\" href=\"javascript:void(0)\">Hepsi<\/a><a class=\"ggf_id_7 ggf \" data-coll-filter-id=\"7\" href=\"javascript:void(0)\"><i class=\"mg_cat_icon fas fa-tractor\"><\/i>Trakt\u00f6r r\u00f6morklar\u0131<\/a><a class=\"ggf_id_6 ggf \" data-coll-filter-id=\"6\" href=\"javascript:void(0)\"><i class=\"mg_cat_icon fas fa-tractor\"><\/i>Trakt\u00f6r \u00f6n y\u00fckleyicileri<\/a><a class=\"ggf_id_5 ggf \" data-coll-filter-id=\"5\" href=\"javascript:void(0)\"><i class=\"mg_cat_icon fas fa-tractor\"><\/i>Sulama Tanklar\u0131<\/a><a class=\"ggf_id_4 ggf \" data-coll-filter-id=\"4\" href=\"javascript:void(0)\"><i class=\"mg_cat_icon fas fa-tractor\"><\/i>K\u00fcltivat\u00f6r<\/a><\/div><div id=\"ggco_8\" class=\"gg_coll_outer_container  gg_hidden_ol gg_ol_bottom_mode gg_main_ol_show_on_h\"><div class=\"gg_container gg_coll_container\">        <div class=\"gg_loader\">            <div class=\"ggl_1\"><\/div>            <div class=\"ggl_2\"><\/div>            <div class=\"ggl_3\"><\/div>            <div class=\"ggl_4\"><\/div>        <\/div>  <div class=\"gg_coll_img_wrap  ggc_6\">  <div class=\"gg_img gg_coll_img \" data-coll-gid=\"79\" data-gall-data=\"eyJpZCI6NzksInJhbmQiOjAsImZpbHRlcnMiOjAsInNlYXJjaCI6MCwid21hcmsiOjB9\" style=\"padding-bottom: 60%\" >  <div class=\"gg_main_img_wrap\">  <div class=\"gg_img_wrap_inner\">  <img decoding=\"async\" src=\"\" data-gg-lazy-src=\"https:\/\/ozmercanlar.com\/wp-content\/plugins\/global-gallery\/classes\/timthumb.php?src=https:\/\/ozmercanlar.com\/wp-content\/uploads\/2023\/12\/WhatsApp-Gorsel-2023-12-06-saat-13.23.10_105b4055.jpg&#038;w=402&#038;h=240&#038;a=c&#038;q=90&#038;zc=1&#038;cc=FFFFFF\" alt=\"Trakt\u00f6r \u00d6n Y\u00fckleyicileri\" class=\"gg_photo gg_main_thumb\" \/>  <noscript><img decoding=\"async\" src=\"https:\/\/ozmercanlar.com\/wp-content\/uploads\/2023\/12\/WhatsApp-Gorsel-2023-12-06-saat-13.23.10_105b4055.jpg\" alt=\"Trakt\u00f6r \u00d6n Y\u00fckleyicileri\" \/><\/noscript>  <\/div>  <\/div>  <div class=\"gg_overlays\"><\/div>  <\/div>  <div class=\"gg_main_overlay_under\"><div class=\"gg_img_title_under\">Trakt\u00f6r \u00d6n Y\u00fckleyicileri<\/div><\/div>  <\/div>  <div class=\"gg_coll_img_wrap  ggc_7\">  <div class=\"gg_img gg_coll_img \" data-coll-gid=\"105\" data-gall-data=\"eyJpZCI6MTA1LCJyYW5kIjoxLCJmaWx0ZXJzIjowLCJzZWFyY2giOjAsIndtYXJrIjowfQ==\" style=\"padding-bottom: 60%\" >  <div class=\"gg_main_img_wrap\">  <div class=\"gg_img_wrap_inner\">  <img decoding=\"async\" src=\"\" data-gg-lazy-src=\"https:\/\/ozmercanlar.com\/wp-content\/plugins\/global-gallery\/classes\/timthumb.php?src=https:\/\/ozmercanlar.com\/wp-content\/uploads\/2023\/12\/WhatsApp-Gorsel-2023-12-06-saat-08.22.19_d6659648.jpg&#038;w=402&#038;h=240&#038;a=c&#038;q=90&#038;zc=1&#038;cc=FFFFFF\" alt=\"Trakt\u00f6r R\u00f6morklar\u0131\" class=\"gg_photo gg_main_thumb\" \/>  <noscript><img decoding=\"async\" src=\"https:\/\/ozmercanlar.com\/wp-content\/uploads\/2023\/12\/WhatsApp-Gorsel-2023-12-06-saat-08.22.19_d6659648.jpg\" alt=\"Trakt\u00f6r R\u00f6morklar\u0131\" \/><\/noscript>  <\/div>  <\/div>  <div class=\"gg_overlays\"><\/div>  <\/div>  <div class=\"gg_main_overlay_under\"><div class=\"gg_img_title_under\">Trakt\u00f6r R\u00f6morklar\u0131<\/div><\/div>  <\/div>  <div class=\"gg_coll_img_wrap  ggc_4\">  <div class=\"gg_img gg_coll_img \" data-coll-gid=\"67\" data-gall-data=\"eyJpZCI6NjcsInJhbmQiOjAsImZpbHRlcnMiOjAsInNlYXJjaCI6MCwid21hcmsiOjB9\" style=\"padding-bottom: 60%\" >  <div class=\"gg_main_img_wrap\">  <div class=\"gg_img_wrap_inner\">  <img decoding=\"async\" src=\"\" data-gg-lazy-src=\"https:\/\/ozmercanlar.com\/wp-content\/plugins\/global-gallery\/classes\/timthumb.php?src=https:\/\/ozmercanlar.com\/wp-content\/uploads\/2023\/12\/WhatsApp-Gorsel-2023-12-06-saat-13.21.43_de822edc.jpg&#038;w=402&#038;h=240&#038;a=c&#038;q=90&#038;zc=1&#038;cc=FFFFFF\" alt=\"K\u00fcltivat\u00f6r\" class=\"gg_photo gg_main_thumb\" \/>  <noscript><img decoding=\"async\" src=\"https:\/\/ozmercanlar.com\/wp-content\/uploads\/2023\/12\/WhatsApp-Gorsel-2023-12-06-saat-13.21.43_de822edc.jpg\" alt=\"K\u00fcltivat\u00f6r\" \/><\/noscript>  <\/div>  <\/div>  <div class=\"gg_overlays\"><\/div>  <\/div>  <div class=\"gg_main_overlay_under\"><div class=\"gg_img_title_under\">K\u00fcltivat\u00f6r<\/div><div class=\"gg_img_descr_under\">K\u00fcltivat\u00f6r<\/div><\/div>  <\/div>  <div class=\"gg_coll_img_wrap  ggc_5\">  <div class=\"gg_img gg_coll_img \" data-coll-gid=\"78\" data-gall-data=\"eyJpZCI6NzgsInJhbmQiOjAsImZpbHRlcnMiOjAsInNlYXJjaCI6MCwid21hcmsiOjB9\" style=\"padding-bottom: 60%\" >  <div class=\"gg_main_img_wrap\">  <div class=\"gg_img_wrap_inner\">  <img decoding=\"async\" src=\"\" data-gg-lazy-src=\"https:\/\/ozmercanlar.com\/wp-content\/plugins\/global-gallery\/classes\/timthumb.php?src=https:\/\/ozmercanlar.com\/wp-content\/uploads\/2023\/12\/WhatsApp-Gorsel-2023-12-06-saat-08.18.18_5fa29b71.jpg&#038;w=402&#038;h=240&#038;a=c&#038;q=90&#038;zc=1&#038;cc=FFFFFF\" alt=\"Sulama Tanklar\u0131\" class=\"gg_photo gg_main_thumb\" \/>  <noscript><img decoding=\"async\" src=\"https:\/\/ozmercanlar.com\/wp-content\/uploads\/2023\/12\/WhatsApp-Gorsel-2023-12-06-saat-08.18.18_5fa29b71.jpg\" alt=\"Sulama Tanklar\u0131\" \/><\/noscript>  <\/div>  <\/div>  <div class=\"gg_overlays\"><\/div>  <\/div>  <div class=\"gg_main_overlay_under\"><div class=\"gg_img_title_under\">Sulama Tanklar\u0131<\/div><\/div>  <\/div><\/div><\/div><\/td><td class=\"gg_coll_table_cell\"><div class=\"gg_coll_gallery_container\">   <span id=\"gg_cgb_69e4d710a13e7\" class=\"gg_coll_go_back gg_coll_back_to_new_style\">Koleksiyona d\u00f6n<\/span>   <div class=\"gg_gallery_wrap\"><\/div><\/div><\/td><\/tr><\/table><div style=\"clear: both;\"><\/div><\/div><script type=\"text\/javascript\">     (function() {         \"use strict\";              const intval = setInterval(() => {            if(typeof(jQuery) == \"undefined\" || typeof(gg_galleries_init) == \"undefined\") {                return true;            }            else {                clearTimeout(intval);                            const $ = jQuery;                gg_galleries_init(\"69e4d710a13e7\");            }        }, 50);    })(); <\/script>","protected":false},"excerpt":{"rendered":"<p>Tar\u0131m makimanalar\u0131 olarak bir \u00e7ok \u00fcr\u00fcn \u00fcretmekteyiz( Buray\u0131 geni\u015fletece\u011fiz yaz\u0131yla)<\/p>\n","protected":false},"author":1,"featured_media":0,"parent":0,"menu_order":0,"comment_status":"closed","ping_status":"closed","template":"","meta":{"footnotes":""},"class_list":["post-44","page","type-page","status-publish","hentry"],"_links":{"self":[{"href":"https:\/\/ozmercanlar.com\/index.php?rest_route=\/wp\/v2\/pages\/44","targetHints":{"allow":["GET"]}}],"collection":[{"href":"https:\/\/ozmercanlar.com\/index.php?rest_route=\/wp\/v2\/pages"}],"about":[{"href":"https:\/\/ozmercanlar.com\/index.php?rest_route=\/wp\/v2\/types\/page"}],"author":[{"embeddable":true,"href":"https:\/\/ozmercanlar.com\/index.php?rest_route=\/wp\/v2\/users\/1"}],"replies":[{"embeddable":true,"href":"https:\/\/ozmercanlar.com\/index.php?rest_route=%2Fwp%2Fv2%2Fcomments&post=44"}],"version-history":[{"count":22,"href":"https:\/\/ozmercanlar.com\/index.php?rest_route=\/wp\/v2\/pages\/44\/revisions"}],"predecessor-version":[{"id":161,"href":"https:\/\/ozmercanlar.com\/index.php?rest_route=\/wp\/v2\/pages\/44\/revisions\/161"}],"wp:attachment":[{"href":"https:\/\/ozmercanlar.com\/index.php?rest_route=%2Fwp%2Fv2%2Fmedia&parent=44"}],"curies":[{"name":"wp","href":"https:\/\/api.w.org\/{rel}","templated":true}]}}