{"id":43,"date":"2023-12-07T07:41:28","date_gmt":"2023-12-07T07:41:28","guid":{"rendered":"https:\/\/ozmercanlar.com\/?page_id=43"},"modified":"2023-12-07T14:39:14","modified_gmt":"2023-12-07T14:39:14","slug":"hakkimizda","status":"publish","type":"page","link":"https:\/\/ozmercanlar.com\/?page_id=43","title":{"rendered":"Hakk\u0131m\u0131zda"},"content":{"rendered":"\n<br><br>\n\n\n\n<pre class=\"wp-block-code\"><code><strong><h1 class=\"wp-block-heading\"><strong>Hakk\u0131m\u0131zda<\/strong><\/h1><\/strong><\/code><\/pre>\n\n\n\n<div class=\"wp-block-columns has-background is-layout-flex wp-container-core-columns-is-layout-9d6595d7 wp-block-columns-is-layout-flex\" style=\"background-color:#687077\">\n<div class=\"wp-block-column is-layout-flow wp-block-column-is-layout-flow\" style=\"flex-basis:40%\">    <div id=\"69e74642c2c58\" rel=\"175\" data-gg-autoplay=\"auto\" class=\"gg_galleria_slider_wrap gg_galleria_slider_light gg_galleria_slider_show_thumbs  gg_galleria_responsive ggs_175\" style=\"width: 100%; \" data-asp-ratio=\"1\"><a href=\"https:\/\/ozmercanlar.com\/wp-content\/uploads\/gg_albums\/hakkimizda\/31-900x557.jpg\"><img decoding=\"async\" src=\"https:\/\/ozmercanlar.com\/wp-content\/plugins\/global-gallery\/classes\/timthumb.php?src=https:\/\/ozmercanlar.com\/wp-content\/uploads\/gg_albums\/hakkimizda\/31-900x557.jpg&amp;w=60&amp;h=40&amp;a=c&amp;q=90&amp;zc=1&amp;cc=FFFFFF\" data-big=\"https:\/\/ozmercanlar.com\/wp-content\/uploads\/gg_albums\/hakkimizda\/31-900x557.jpg\" data-description=\"\" alt=\"31-900x557\" \/><\/a><a href=\"https:\/\/ozmercanlar.com\/wp-content\/uploads\/gg_albums\/hakkimizda\/12-900x600.jpg\"><img decoding=\"async\" src=\"https:\/\/ozmercanlar.com\/wp-content\/plugins\/global-gallery\/classes\/timthumb.php?src=https:\/\/ozmercanlar.com\/wp-content\/uploads\/gg_albums\/hakkimizda\/12-900x600.jpg&amp;w=60&amp;h=40&amp;a=c&amp;q=90&amp;zc=1&amp;cc=FFFFFF\" data-big=\"https:\/\/ozmercanlar.com\/wp-content\/uploads\/gg_albums\/hakkimizda\/12-900x600.jpg\" data-description=\"\" alt=\"12-900x600\" \/><\/a><a href=\"https:\/\/ozmercanlar.com\/wp-content\/uploads\/gg_albums\/hakkimizda\/22-900x557.jpg\"><img decoding=\"async\" src=\"https:\/\/ozmercanlar.com\/wp-content\/plugins\/global-gallery\/classes\/timthumb.php?src=https:\/\/ozmercanlar.com\/wp-content\/uploads\/gg_albums\/hakkimizda\/22-900x557.jpg&amp;w=60&amp;h=40&amp;a=c&amp;q=90&amp;zc=1&amp;cc=FFFFFF\" data-big=\"https:\/\/ozmercanlar.com\/wp-content\/uploads\/gg_albums\/hakkimizda\/22-900x557.jpg\" data-description=\"\" alt=\"22-900x557\" \/><\/a>        <div style=\"clear: both;\"><\/div><\/div>    <script type=\"text\/javascript\"> (function() {         \"use strict\";                 const intval = setInterval(() => {            if(typeof(jQuery) == \"undefined\" || typeof(gg_galleria_init) == \"undefined\") {                return true;            }            else {                clearTimeout(intval);                            gg_galleria_show(\"#69e74642c2c58\");                gg_galleria_init(\"#69e74642c2c58\");            }        }, 50);    })();   <\/script><\/div>\n\n\n\n<div class=\"wp-block-column is-layout-flow wp-block-column-is-layout-flow\">\n<p style=\"font-size:16px; text-align:justify; color:white\"><mark style=\"background-color:rgba(255, 255, 255, 255)\" class=\"has-inline-color has-black-color\">Mercan karde\u015fler<\/mark> tar\u0131m makinalar\u0131 imalat\u0131 olarak Gaziantep\u2019in Nizip il\u00e7esinde 1970 y\u0131l\u0131nda Ali Mercan taraf\u0131ndan kurulmu\u015ftur. Sonradan a\u011fabeyi olan Hasan Mercan\u0131 da ortak etmi\u015ftir. 1980\u2019li y\u0131llar\u0131nda il\u00e7emize sanayii sitesinin yap\u0131lmas\u0131ndan sonra ileriye y\u00f6nelik \u00e7al\u0131\u015fmalar\u0131m\u0131z\u0131 artt\u0131rmak ve \u00e7ift\u00e7ilerimize daha iyi hizmet verebilmek i\u00e7in 300m2\u2018lik bir alanda 1999 y\u0131l\u0131na kadar \u00e7al\u0131\u015fmalar\u0131n\u0131 s\u00fcrd\u00fcrm\u00fc\u015ft\u00fcr.1999 y\u0131l\u0131ndan sonra bu g\u00fcne kadar \u00e7ok az ki\u015finin ba\u015fara bildi\u011fi yakla\u015f\u0131k olarak 30 y\u0131l s\u00fcren ortakl\u0131ktan ayr\u0131l\u0131p firma ismimizi Ali mercan \u00d6zmercanlar olarak de\u011fi\u015ftirmi\u015f bulunmaktay\u0131z. Bundan sonra m\u00fc\u015fterilerimize daha verimli trakt\u00f6r arkas\u0131 ekipmanlar\u0131 \u00fcrete bilmek i\u00e7in i\u015fyerimizi 2800 metre kare a\u00e7\u0131k ve kapal\u0131 alan olarak geni\u015fletmi\u015f bulunmaktay\u0131z. Yapm\u0131\u015f oldu\u011fumuz ara\u015ft\u0131rmalarla \u00fcr\u00fcn yelpazemizi geni\u015fletip k\u00fcltivat\u00f6r, pulluk, r\u00f6mork, sulama tanklar\u0131, lo\u011f(silindir), hidrolik ve \u00e7ekili tapan, trakt\u00f6r \u00f6n\u00fc ve arkas\u0131na tak\u0131la bilen hidrolik kep\u00e7e, tesviye k\u00fcre\u011fi, t\u00fcm \u00e7ekme makinalar\u0131 gibi daha bir \u00e7ok \u00fcr\u00fcn \u00e7e\u015fidimiz bulunmaktad\u0131r. As\u0131l amac\u0131m\u0131z \u00e7ift\u00e7ilerimize yak\u0131ttan ve zamandan tasarruf ederek kaliteli ve a\u011f\u0131r topraklar\u0131m\u0131zda \u00e7al\u0131\u015fa bilecek yeni ekipmanalar \u00fcretmektir. Bu y\u00f6ndeki \u00e7al\u0131\u015fmalar\u0131m\u0131z\u0131 y\u0131llar\u0131n vermi\u015f oldu\u011fu tecr\u00fcbe ve deneyimli \u00e7al\u0131\u015fanlar\u0131m\u0131z ile devam ettirmekteyiz.<\/p>\n<\/div>\n<\/div>\n","protected":false},"excerpt":{"rendered":"<p>Hakk\u0131m\u0131zda Mercan karde\u015fler tar\u0131m makinalar\u0131 imalat\u0131 olarak Gaziantep\u2019in Nizip il\u00e7esinde 1970 y\u0131l\u0131nda Ali Mercan taraf\u0131ndan kurulmu\u015ftur. Sonradan a\u011fabeyi olan Hasan Mercan\u0131 da ortak etmi\u015ftir. 1980\u2019li y\u0131llar\u0131nda il\u00e7emize sanayii sitesinin yap\u0131lmas\u0131ndan sonra ileriye y\u00f6nelik \u00e7al\u0131\u015fmalar\u0131m\u0131z\u0131 artt\u0131rmak ve \u00e7ift\u00e7ilerimize daha iyi hizmet verebilmek i\u00e7in 300m2\u2018lik bir alanda 1999 y\u0131l\u0131na kadar \u00e7al\u0131\u015fmalar\u0131n\u0131 s\u00fcrd\u00fcrm\u00fc\u015ft\u00fcr.1999 y\u0131l\u0131ndan sonra bu g\u00fcne kadar [&hellip;]<\/p>\n","protected":false},"author":1,"featured_media":0,"parent":0,"menu_order":0,"comment_status":"closed","ping_status":"closed","template":"","meta":{"footnotes":""},"class_list":["post-43","page","type-page","status-publish","hentry"],"_links":{"self":[{"href":"https:\/\/ozmercanlar.com\/index.php?rest_route=\/wp\/v2\/pages\/43","targetHints":{"allow":["GET"]}}],"collection":[{"href":"https:\/\/ozmercanlar.com\/index.php?rest_route=\/wp\/v2\/pages"}],"about":[{"href":"https:\/\/ozmercanlar.com\/index.php?rest_route=\/wp\/v2\/types\/page"}],"author":[{"embeddable":true,"href":"https:\/\/ozmercanlar.com\/index.php?rest_route=\/wp\/v2\/users\/1"}],"replies":[{"embeddable":true,"href":"https:\/\/ozmercanlar.com\/index.php?rest_route=%2Fwp%2Fv2%2Fcomments&post=43"}],"version-history":[{"count":20,"href":"https:\/\/ozmercanlar.com\/index.php?rest_route=\/wp\/v2\/pages\/43\/revisions"}],"predecessor-version":[{"id":197,"href":"https:\/\/ozmercanlar.com\/index.php?rest_route=\/wp\/v2\/pages\/43\/revisions\/197"}],"wp:attachment":[{"href":"https:\/\/ozmercanlar.com\/index.php?rest_route=%2Fwp%2Fv2%2Fmedia&parent=43"}],"curies":[{"name":"wp","href":"https:\/\/api.w.org\/{rel}","templated":true}]}}